{"id":278,"date":"2025-01-24T16:52:55","date_gmt":"2025-01-24T21:52:55","guid":{"rendered":"https:\/\/iltaxprosllc.com\/es\/?page_id=278"},"modified":"2025-01-25T09:35:18","modified_gmt":"2025-01-25T14:35:18","slug":"sandra-acevedo","status":"publish","type":"page","link":"https:\/\/iltaxprosllc.com\/es\/sandra-acevedo\/","title":{"rendered":"Sandra Acevedo"},"content":{"rendered":"<p>Sandra Acevedo, propietaria de IL Tax Pros, ha estado sirviendo a nuestra comunidad por m\u00e1s de 15 a\u00f1os. Ella fue motivada e inspirada cuando era joven para convertirse en una preparadora de impuestos ya que era responsable de traducir para sufamilia y amigos que hablan espa\u00f1ol. R\u00e1pidamente se dio cuenta de la necesidad de preparadores de impuestos que fueran honestos, y de habla hispana en su comunidad y decidio construir su negocio de preparacion de impuestos donde siempre ha ofrecido servicios personales y de calidad a un precio justo.<\/p>\n<p>Sandra ha formado una reputaci\u00f3n como especialista en impuestos en la que puede confiar. Se especializa en la preparaci\u00f3n de declaraciones de impuestos personales, de ingresos por alquiler y de peque\u00f1as empresas.<\/p>\n<p>Adem\u00e1s de preparar declaraciones de impuestos individuales, ahora es una agente de seguros de Medicare con licencia e independiente. Ella puede ayudar a los clientes a comprender sus beneficios de Medicare y encontrar el mejor plan para sus necesidades m\u00e9dicas. Puede visitar su sitio web de Medicare en www.Medicareinsur.com.<\/p>\n","protected":false},"excerpt":{"rendered":"<p>Sandra Acevedo, propietaria de IL Tax Pros, ha estado sirviendo a nuestra comunidad por m\u00e1s de 15 a\u00f1os. Ella fue motivada e inspirada cuando era joven para convertirse en una preparadora de impuestos ya que era responsable de traducir para [&hellip;]<\/p>\n","protected":false},"author":6,"featured_media":257,"parent":0,"menu_order":0,"comment_status":"closed","ping_status":"closed","template":"page-templates\/single-employee.php","meta":{"footnotes":""},"class_list":["post-278","page","type-page","status-publish","has-post-thumbnail","hentry","clearfix"],"_links":{"self":[{"href":"https:\/\/iltaxprosllc.com\/es\/wp-json\/wp\/v2\/pages\/278","targetHints":{"allow":["GET"]}}],"collection":[{"href":"https:\/\/iltaxprosllc.com\/es\/wp-json\/wp\/v2\/pages"}],"about":[{"href":"https:\/\/iltaxprosllc.com\/es\/wp-json\/wp\/v2\/types\/page"}],"author":[{"embeddable":true,"href":"https:\/\/iltaxprosllc.com\/es\/wp-json\/wp\/v2\/users\/6"}],"replies":[{"embeddable":true,"href":"https:\/\/iltaxprosllc.com\/es\/wp-json\/wp\/v2\/comments?post=278"}],"version-history":[{"count":2,"href":"https:\/\/iltaxprosllc.com\/es\/wp-json\/wp\/v2\/pages\/278\/revisions"}],"predecessor-version":[{"id":286,"href":"https:\/\/iltaxprosllc.com\/es\/wp-json\/wp\/v2\/pages\/278\/revisions\/286"}],"wp:featuredmedia":[{"embeddable":true,"href":"https:\/\/iltaxprosllc.com\/es\/wp-json\/wp\/v2\/media\/257"}],"wp:attachment":[{"href":"https:\/\/iltaxprosllc.com\/es\/wp-json\/wp\/v2\/media?parent=278"}],"curies":[{"name":"wp","href":"https:\/\/api.w.org\/{rel}","templated":true}]}}